{"id":1534,"date":"2025-01-30T13:59:33","date_gmt":"2025-01-30T13:59:33","guid":{"rendered":"https:\/\/connectio.hr\/?page_id=1534"},"modified":"2025-02-26T22:14:13","modified_gmt":"2025-02-26T22:14:13","slug":"barista","status":"publish","type":"page","link":"https:\/\/connectio.hr\/hr\/find-a-job\/barista\/","title":{"rendered":"Barista"},"content":{"rendered":"<div data-elementor-type=\"wp-page\" data-elementor-id=\"1534\" class=\"elementor elementor-1534\">\n\t\t\t\t<div class=\"elementor-element elementor-element-1948651 e-flex e-con-boxed e-con e-parent\" data-id=\"1948651\" data-element_type=\"container\" data-e-type=\"container\" data-settings=\"{&quot;background_background&quot;:&quot;classic&quot;}\">\n\t\t\t\t\t<div class=\"e-con-inner\">\n\t\t<div class=\"elementor-element elementor-element-a48e599 e-con-full animated-slow e-flex elementor-invisible e-con e-child\" data-id=\"a48e599\" data-element_type=\"container\" data-e-type=\"container\" data-settings=\"{&quot;animation&quot;:&quot;fadeIn&quot;}\">\n\t\t\t\t<div class=\"elementor-element elementor-element-4880537 elementor-widget elementor-widget-heading\" data-id=\"4880537\" data-element_type=\"widget\" data-e-type=\"widget\" data-widget_type=\"heading.default\">\n\t\t\t\t<div class=\"elementor-widget-container\">\n\t\t\t\t\t<h1 class=\"elementor-heading-title elementor-size-default\">Barista<\/h1>\t\t\t\t<\/div>\n\t\t\t\t<\/div>\n\t\t\t\t<div class=\"elementor-element elementor-element-b3a4d37 elementor-icon-list--layout-inline elementor-align-start elementor-list-item-link-full_width elementor-widget elementor-widget-icon-list\" data-id=\"b3a4d37\" data-element_type=\"widget\" data-e-type=\"widget\" data-widget_type=\"icon-list.default\">\n\t\t\t\t<div class=\"elementor-widget-container\">\n\t\t\t\t\t\t\t<ul class=\"elementor-icon-list-items elementor-inline-items\">\n\t\t\t\t\t\t\t<li class=\"elementor-icon-list-item elementor-inline-item\">\n\t\t\t\t\t\t\t\t\t\t\t<span class=\"elementor-icon-list-icon\">\n\t\t\t\t\t\t\t<svg aria-hidden=\"true\" class=\"e-font-icon-svg e-fas-map-marker-alt\" viewbox=\"0 0 384 512\" xmlns=\"http:\/\/www.w3.org\/2000\/svg\"><path d=\"M172.268 501.67C26.97 291.031 0 269.413 0 192 0 85.961 85.961 0 192 0s192 85.961 192 192c0 77.413-26.97 99.031-172.268 309.67-9.535 13.774-29.93 13.773-39.464 0zM192 272c44.183 0 80-35.817 80-80s-35.817-80-80-80-80 35.817-80 80 35.817 80 80 80z\"><\/path><\/svg>\t\t\t\t\t\t<\/span>\n\t\t\t\t\t\t\t\t\t\t<span class=\"elementor-icon-list-text\">Zagreb, Croatia<\/span>\n\t\t\t\t\t\t\t\t\t<\/li>\n\t\t\t\t\t\t<\/ul>\n\t\t\t\t\t\t<\/div>\n\t\t\t\t<\/div>\n\t\t\t\t<div class=\"elementor-element elementor-element-d0dd329 elementor-widget elementor-widget-button\" data-id=\"d0dd329\" data-element_type=\"widget\" data-e-type=\"widget\" data-widget_type=\"button.default\">\n\t\t\t\t<div class=\"elementor-widget-container\">\n\t\t\t\t\t\t\t\t\t<div class=\"elementor-button-wrapper\">\n\t\t\t\t\t<a class=\"elementor-button elementor-button-link elementor-size-sm elementor-animation-bob\" href=\"#apply\">\n\t\t\t\t\t\t<span class=\"elementor-button-content-wrapper\">\n\t\t\t\t\t\t\t\t\t<span class=\"elementor-button-text\">PRIJAVI SE<\/span>\n\t\t\t\t\t<\/span>\n\t\t\t\t\t<\/a>\n\t\t\t\t<\/div>\n\t\t\t\t\t\t\t\t<\/div>\n\t\t\t\t<\/div>\n\t\t\t\t<\/div>\n\t\t\t\t\t<\/div>\n\t\t\t\t<\/div>\n\t\t<div class=\"elementor-element elementor-element-5e4337e animated-slow e-flex e-con-boxed elementor-invisible e-con e-parent\" data-id=\"5e4337e\" data-element_type=\"container\" data-e-type=\"container\" data-settings=\"{&quot;animation&quot;:&quot;fadeIn&quot;,&quot;background_background&quot;:&quot;classic&quot;}\">\n\t\t\t\t\t<div class=\"e-con-inner\">\n\t\t<div class=\"elementor-element elementor-element-2870b23 e-con-full e-flex e-con e-child\" data-id=\"2870b23\" data-element_type=\"container\" data-e-type=\"container\">\n\t\t\t\t<\/div>\n\t\t<div class=\"elementor-element elementor-element-43d9334 e-con-full e-flex e-con e-child\" data-id=\"43d9334\" data-element_type=\"container\" data-e-type=\"container\">\n\t\t\t\t<div class=\"elementor-element elementor-element-9eeaa6a elementor-widget elementor-widget-text-editor\" data-id=\"9eeaa6a\" data-element_type=\"widget\" data-e-type=\"widget\" data-widget_type=\"text-editor.default\">\n\t\t\t\t<div class=\"elementor-widget-container\">\n\t\t\t\t\t\t\t\t\t<p>Baristi su srce i du\u0161a svakog kafi\u0107a. Od \"znanosti\" pripreme kave do \"umjetnosti\" odnosa s kupcima, svakodnevno balansiraju brojne zadatke. Osim pripreme specijalnih napitaka, odgovorni su za odr\u017eavanje \u010distog, sigurnog i u\u010dinkovitog radnog prostora za goste i kolege. Pravi barista pru\u017ea personalizirano iskustvo i postaje najbolji ambasador brenda.<\/p><p><strong> Odgovornosti:<\/strong><\/p><ul><li>Pozdravljanje gostiju i primanje narud\u017ebi.<\/li><li>Priprema i poslu\u017eivanje toplih i hladnih napitaka, uklju\u010duju\u0107i kavu, \u010daj i specijalne napitke.<\/li><li>Rukovanje aparatima za kavu, poput espresso strojeva i mlinca za kavu.<\/li><li>Obrada gotovinskih i karti\u010dnih transakcija.<\/li><li>Odr\u017eavanje \u010distog i organiziranog radnog prostora.<\/li><li>Nadopunjavanje zaliha prema potrebi.<\/li><li>Odgovaranje na pitanja gostiju o ponudi i sastojcima.<\/li><li>Po\u0161tivanje pravila o sigurnosti hrane i higijene.<\/li><\/ul><p>Uskoro \u0107emo a\u017eurirati sljede\u0107e pojedinosti:<\/p><p>Odgovornosti<br \/>Kvalifikacije<br \/>Prednosti<\/p><p>Ako imate pitanja ili ste zainteresirani za prijavu, slobodno nas kontaktirajte!<\/p>\t\t\t\t\t\t\t\t<\/div>\n\t\t\t\t<\/div>\n\t\t\t\t<\/div>\n\t\t\t\t\t<\/div>\n\t\t\t\t<\/div>\n\t\t<div class=\"elementor-element elementor-element-dcb9428 animated-slow e-flex e-con-boxed elementor-invisible e-con e-parent\" data-id=\"dcb9428\" data-element_type=\"container\" data-e-type=\"container\" id=\"apply\" data-settings=\"{&quot;animation&quot;:&quot;fadeIn&quot;}\">\n\t\t\t\t\t<div class=\"e-con-inner\">\n\t\t<div class=\"elementor-element elementor-element-755ce5c e-con-full e-flex e-con e-child\" data-id=\"755ce5c\" data-element_type=\"container\" data-e-type=\"container\">\n\t\t\t\t<\/div>\n\t\t<div class=\"elementor-element elementor-element-15f0d77 e-con-full e-flex e-con e-child\" data-id=\"15f0d77\" data-element_type=\"container\" data-e-type=\"container\">\n\t\t\t\t<div class=\"elementor-element elementor-element-fb79593 elementor-widget elementor-widget-eael-adv-accordion\" data-id=\"fb79593\" data-element_type=\"widget\" data-e-type=\"widget\" data-widget_type=\"eael-adv-accordion.default\">\n\t\t\t\t<div class=\"elementor-widget-container\">\n\t\t\t\t\t            <div class=\"eael-adv-accordion\" id=\"eael-adv-accordion-fb79593\" data-scroll-on-click=\"yes\" data-scroll-speed=\"300\" data-accordion-id=\"fb79593\" data-accordion-type=\"accordion\" data-toogle-speed=\"300\">\n            <div class=\"eael-accordion-list\">\n\t\t\t\t\t<div id=\"apply-now\" class=\"elementor-tab-title eael-accordion-header\" tabindex=\"0\" data-tab=\"1\" aria-controls=\"elementor-tab-content-2631\"><h5 class=\"eael-accordion-tab-title\">PRIJAVI SE<\/h5><span class=\"eael-advanced-accordion-icon-closed\"><svg aria-hidden=\"true\" class=\"fa-accordion-icon e-font-icon-svg e-fas-plus\" viewbox=\"0 0 448 512\" xmlns=\"http:\/\/www.w3.org\/2000\/svg\"><path d=\"M416 208H272V64c0-17.67-14.33-32-32-32h-32c-17.67 0-32 14.33-32 32v144H32c-17.67 0-32 14.33-32 32v32c0 17.67 14.33 32 32 32h144v144c0 17.67 14.33 32 32 32h32c17.67 0 32-14.33 32-32V304h144c17.67 0 32-14.33 32-32v-32c0-17.67-14.33-32-32-32z\"><\/path><\/svg><\/span><span class=\"eael-advanced-accordion-icon-opened\"><svg aria-hidden=\"true\" class=\"fa-accordion-icon e-font-icon-svg e-fas-minus\" viewbox=\"0 0 448 512\" xmlns=\"http:\/\/www.w3.org\/2000\/svg\"><path d=\"M416 208H32c-17.67 0-32 14.33-32 32v32c0 17.67 14.33 32 32 32h384c17.67 0 32-14.33 32-32v-32c0-17.67-14.33-32-32-32z\"><\/path><\/svg><\/span><\/div><div id=\"elementor-tab-content-2631\" class=\"eael-accordion-content clearfix\" data-tab=\"1\" aria-labelledby=\"apply-now\">Ispunite obrazac ili nas kontaktirajte izravno putem kontakt informacija.\n\n\u010cekamo va\u0161u prijavu!\n\n&nbsp;\n\n<div class=\"forminator-ui forminator-custom-form forminator-custom-form-1713 forminator-design--material  forminator_ajax\" data-forminator-render=\"0\" data-form=\"forminator-module-1713\" data-uid=\"69d0c35c1e6cf\"><br\/><\/div><form\n\t\t\t\tid=\"forminator-module-1713\"\n\t\t\t\tclass=\"forminator-ui forminator-custom-form forminator-custom-form-1713 forminator-design--material  forminator_ajax\"\n\t\t\t\tmethod=\"post\"\n\t\t\t\tdata-forminator-render=\"0\"\n\t\t\t\tdata-form-id=\"1713\"\n\t\t\t\tenctype=\"multipart\/form-data\" data-color-option=\"theme\" data-design=\"material\" data-grid=\"open\" style=\"display: none;\"\n\t\t\t\tdata-uid=\"69d0c35c1e6cf\" action=\"\"\n\t\t\t><div role=\"alert\" aria-live=\"polite\" class=\"forminator-response-message forminator-error\" aria-hidden=\"true\"><\/div><div class=\"forminator-row\"><div id=\"name-1\" class=\"forminator-field-name forminator-col forminator-col-12\"><div class=\"forminator-field\"><label for=\"forminator-field-name-1_69d0c35c1e6cf\" id=\"forminator-field-name-1_69d0c35c1e6cf-label\" class=\"forminator-label\">Va\u0161e ime i prezime <span class=\"forminator-required\">*<\/span><\/label><input type=\"text\" name=\"name-1\" value=\"\" placeholder=\"E.g. John Smith\" id=\"forminator-field-name-1_69d0c35c1e6cf\" class=\"forminator-input forminator-name--field\" aria-required=\"true\" autocomplete=\"name\" \/><\/div><\/div><\/div><div class=\"forminator-row\"><div id=\"email-1\" class=\"forminator-field-email forminator-col forminator-col-12\"><div class=\"forminator-field\"><label for=\"forminator-field-email-1_69d0c35c1e6cf\" id=\"forminator-field-email-1_69d0c35c1e6cf-label\" class=\"forminator-label\">Va\u0161 email <span class=\"forminator-required\">*<\/span><\/label><input type=\"email\" name=\"email-1\" value=\"\" placeholder=\"E.g. john@doe.com\" id=\"forminator-field-email-1_69d0c35c1e6cf\" class=\"forminator-input forminator-email--field\" data-required=\"1\" aria-required=\"true\" autocomplete=\"email\" \/><\/div><\/div><\/div><div class=\"forminator-row\"><div id=\"upload-1\" class=\"forminator-field-upload forminator-col forminator-col-12\"><div class=\"forminator-field\"><label for=\"forminator-field-upload-1_69d0c35c1e6cf\" id=\"forminator-field-upload-1_69d0c35c1e6cf-label\" class=\"forminator-label\">Prilo\u017eite \u017eivotopis <span class=\"forminator-required\">*<\/span><\/label><div class=\"forminator-file-upload\" data-element=\"upload-1_69d0c35c1e6cf\"><input type=\"file\" name=\"upload-1\" id=\"forminator-field-upload-1_69d0c35c1e6cf\" class=\"forminator-input-file-required do-validate\" accept=\".avif,.heif,.heics,.heifs,.svgz,.json,.doc,.docx,.zip,.7z,.pptx,.pdf\" tabindex=\"-1\"><button id=\"forminator-field-upload-1_69d0c35c1e6cf_button\" class=\"forminator-button forminator-button-upload\" data-id=\"forminator-field-upload-1_69d0c35c1e6cf\">Choose File<\/button><span data-empty-text=\"No file chosen\">No file chosen<\/span><button class=\"forminator-button-delete\" style=\"display: none;\"><i class=\"forminator-icon-close\" aria-hidden=\"true\"><\/i><span class=\"forminator-screen-reader-only\">Delete uploaded file<\/span><\/button><\/div><\/div><\/div><\/div><div class=\"forminator-row\"><div id=\"textarea-1\" class=\"forminator-field-textarea forminator-col forminator-col-12\"><div class=\"forminator-field\"><label for=\"forminator-field-textarea-1_69d0c35c1e6cf\" id=\"forminator-field-textarea-1_69d0c35c1e6cf-label\" class=\"forminator-label\">Detalji (neobavezno)<\/label><textarea name=\"textarea-1\" placeholder=\"Detalji (neobavezno)\" id=\"forminator-field-textarea-1_69d0c35c1e6cf\" class=\"forminator-textarea\" rows=\"6\" style=\"min-height:140px;\" ><\/textarea><\/div><\/div><\/div><input type=\"hidden\" name=\"referer_url\" value=\"\" \/><div class=\"forminator-row forminator-row-last\"><div class=\"forminator-col\"><div class=\"forminator-field\"><button class=\"forminator-button forminator-button-submit\"><span>Po\u0161alji prijavu<\/span><span aria-hidden=\"true\"><\/span><\/button><\/div><\/div><\/div><input type=\"hidden\" id=\"forminator_nonce\" name=\"forminator_nonce\" value=\"8cdeffc180\" \/><input type=\"hidden\" name=\"_wp_http_referer\" value=\"\/hr\/wp-json\/wp\/v2\/pages\/1534\" \/><input type=\"hidden\" name=\"form_id\" value=\"1713\"><input type=\"hidden\" name=\"page_id\" value=\"1534\"><input type=\"hidden\" name=\"form_type\" value=\"default\"><input type=\"hidden\" name=\"current_url\" value=\"https:\/\/connectio.hr\/hr\/find-a-job\/barista\/\"><input type=\"hidden\" name=\"render_id\" value=\"0\"><input type=\"hidden\" name=\"action\" value=\"forminator_submit_form_custom-forms\"><label for=\"input_5\" class=\"forminator-hidden\" aria-hidden=\"true\">Please do not fill in this field. <input id=\"input_5\" type=\"text\" name=\"input_5\" value=\"\" autocomplete=\"off\"><\/label><input type=\"hidden\" name=\"trp-form-language\" value=\"hr\"\/><\/form><\/div>\n\t\t\t\t\t<\/div><\/div>\t\t\t\t<\/div>\n\t\t\t\t<\/div>\n\t\t\t\t<\/div>\n\t\t\t\t\t<\/div>\n\t\t\t\t<\/div>\n\t\t\t\t<\/div>","protected":false},"excerpt":{"rendered":"<p>Barista Zagreb, Croatia APPLY NOW Baristas are the heart and soul of any coffee shop. From the science of brewing to the art of customer relations, baristas have a lot to navigate in any given workday. While always ready to recommend specialty beverages, baristas also need to ensure a clean, safe, and productive workspace for [&hellip;]<\/p>\n","protected":false},"author":1,"featured_media":0,"parent":1055,"menu_order":0,"comment_status":"closed","ping_status":"closed","template":"","meta":{"site-sidebar-layout":"no-sidebar","site-content-layout":"page-builder","ast-site-content-layout":"full-width-container","site-content-style":"unboxed","site-sidebar-style":"unboxed","ast-global-header-display":"","ast-banner-title-visibility":"","ast-main-header-display":"","ast-hfb-above-header-display":"","ast-hfb-below-header-display":"","ast-hfb-mobile-header-display":"","site-post-title":"disabled","ast-breadcrumbs-content":"disabled","ast-featured-img":"disabled","footer-sml-layout":"","theme-transparent-header-meta":"enabled","adv-header-id-meta":"","stick-header-meta":"","header-above-stick-meta":"","header-main-stick-meta":"","header-below-stick-meta":"","astra-migrate-meta-layouts":"set","ast-page-background-enabled":"default","ast-page-background-meta":{"desktop":{"background-color":"","background-image":"","background-repeat":"repeat","background-position":"center center","background-size":"auto","background-attachment":"scroll","background-type":"","background-media":"","overlay-type":"","overlay-color":"","overlay-opacity":"","overlay-gradient":""},"tablet":{"background-color":"","background-image":"","background-repeat":"repeat","background-position":"center center","background-size":"auto","background-attachment":"scroll","background-type":"","background-media":"","overlay-type":"","overlay-color":"","overlay-opacity":"","overlay-gradient":""},"mobile":{"background-color":"","background-image":"","background-repeat":"repeat","background-position":"center center","background-size":"auto","background-attachment":"scroll","background-type":"","background-media":"","overlay-type":"","overlay-color":"","overlay-opacity":"","overlay-gradient":""}},"ast-content-background-meta":{"desktop":{"background-color":"var(--ast-global-color-5)","background-image":"","background-repeat":"repeat","background-position":"center center","background-size":"auto","background-attachment":"scroll","background-type":"","background-media":"","overlay-type":"","overlay-color":"","overlay-opacity":"","overlay-gradient":""},"tablet":{"background-color":"var(--ast-global-color-5)","background-image":"","background-repeat":"repeat","background-position":"center center","background-size":"auto","background-attachment":"scroll","background-type":"","background-media":"","overlay-type":"","overlay-color":"","overlay-opacity":"","overlay-gradient":""},"mobile":{"background-color":"var(--ast-global-color-5)","background-image":"","background-repeat":"repeat","background-position":"center center","background-size":"auto","background-attachment":"scroll","background-type":"","background-media":"","overlay-type":"","overlay-color":"","overlay-opacity":"","overlay-gradient":""}},"footnotes":""},"class_list":["post-1534","page","type-page","status-publish","hentry"],"_links":{"self":[{"href":"https:\/\/connectio.hr\/hr\/wp-json\/wp\/v2\/pages\/1534","targetHints":{"allow":["GET"]}}],"collection":[{"href":"https:\/\/connectio.hr\/hr\/wp-json\/wp\/v2\/pages"}],"about":[{"href":"https:\/\/connectio.hr\/hr\/wp-json\/wp\/v2\/types\/page"}],"author":[{"embeddable":true,"href":"https:\/\/connectio.hr\/hr\/wp-json\/wp\/v2\/users\/1"}],"replies":[{"embeddable":true,"href":"https:\/\/connectio.hr\/hr\/wp-json\/wp\/v2\/comments?post=1534"}],"version-history":[{"count":37,"href":"https:\/\/connectio.hr\/hr\/wp-json\/wp\/v2\/pages\/1534\/revisions"}],"predecessor-version":[{"id":2446,"href":"https:\/\/connectio.hr\/hr\/wp-json\/wp\/v2\/pages\/1534\/revisions\/2446"}],"up":[{"embeddable":true,"href":"https:\/\/connectio.hr\/hr\/wp-json\/wp\/v2\/pages\/1055"}],"wp:attachment":[{"href":"https:\/\/connectio.hr\/hr\/wp-json\/wp\/v2\/media?parent=1534"}],"curies":[{"name":"wp","href":"https:\/\/api.w.org\/{rel}","templated":true}]}}